{"id":18,"date":"2016-06-28T15:01:35","date_gmt":"2016-06-28T13:01:35","guid":{"rendered":"https:\/\/pointfightingcup.com\/?page_id=18"},"modified":"2025-01-20T09:12:59","modified_gmt":"2025-01-20T08:12:59","slug":"home","status":"publish","type":"page","link":"https:\/\/pointfightingcup.com\/en\/","title":{"rendered":"Home"},"content":{"rendered":"<p>The POINT FIGHTING CUP is an extraordinary event in Castellanza (Milan). It is the first event in Italy devoted only to this discipline and it is the first competition where: &#8211; there is a live streaming; &#8211; ALL the FINAL of ALL the CATEGORIES are in the raised platform; &#8211; there is the GRAND CHAMPION, which is only for the WINNER of each category; &#8211; TAG TEAM are for Cadets, Junior and Senior. And this is not all! At the Point Fighting Cup, finals of the Grand Champion, Open and Tag Team will be played bare-chested and winners will be rewarded with a very high prize-money and goods.<\/p>","protected":false},"excerpt":{"rendered":"<p>The POINT FIGHTING CUP is an extraordinary event in Castellanza (Milan). It is the first event in Italy devoted only to this discipline and it is the first competition where: &#8211; there is a live streaming; &#8211; ALL the FINAL of ALL the CATEGORIES are in the raised platform; &#8211; there is the GRAND CHAMPION, [&hellip;]<\/p>\n","protected":false},"author":1,"featured_media":0,"parent":0,"menu_order":0,"comment_status":"closed","ping_status":"closed","template":"index.php","meta":{"footnotes":""},"class_list":["post-18","page","type-page","status-publish","hentry"],"yoast_head":"<!-- This site is optimized with the Yoast SEO plugin v24.8.1 - https:\/\/yoast.com\/wordpress\/plugins\/seo\/ -->\n<title>Home | Pointfightingcup<\/title>\n<meta name=\"description\" content=\"La Point Fighting Cup \u00e8 una delle pi\u00f9 belle e importanti gare a livello internazionale di kickboxing. Il tutto \u00e8 contornato da uno show ricco di sorprese.\" \/>\n<meta name=\"robots\" content=\"index, follow, max-snippet:-1, max-image-preview:large, max-video-preview:-1\" \/>\n<link rel=\"canonical\" href=\"http:\/\/pointfightingcup.com\/\" \/>\n<meta property=\"og:locale\" content=\"en_US\" \/>\n<meta property=\"og:type\" content=\"article\" \/>\n<meta property=\"og:title\" content=\"Home | Pointfightingcup\" \/>\n<meta property=\"og:description\" content=\"La Point Fighting Cup \u00e8 una delle pi\u00f9 belle e importanti gare a livello internazionale di kickboxing. Il tutto \u00e8 contornato da uno show ricco di sorprese.\" \/>\n<meta property=\"og:url\" content=\"http:\/\/pointfightingcup.com\/\" \/>\n<meta property=\"og:site_name\" content=\"Pointfightingcup\" \/>\n<meta property=\"article:publisher\" content=\"https:\/\/www.facebook.com\/pointfightingcup\/\" \/>\n<meta property=\"article:modified_time\" content=\"2025-01-20T08:12:59+00:00\" \/>\n<meta name=\"twitter:card\" content=\"summary_large_image\" \/>\n<meta name=\"twitter:label1\" content=\"Est. reading time\" \/>\n\t<meta name=\"twitter:data1\" content=\"1 minute\" \/>\n<script type=\"application\/ld+json\" class=\"yoast-schema-graph\">{\"@context\":\"https:\/\/schema.org\",\"@graph\":[{\"@type\":\"WebPage\",\"@id\":\"http:\/\/pointfightingcup.com\/\",\"url\":\"http:\/\/pointfightingcup.com\/\",\"name\":\"Home | Pointfightingcup\",\"isPartOf\":{\"@id\":\"http:\/\/pointfightingcup.com\/#website\"},\"datePublished\":\"2016-06-28T13:01:35+00:00\",\"dateModified\":\"2025-01-20T08:12:59+00:00\",\"description\":\"La Point Fighting Cup \u00e8 una delle pi\u00f9 belle e importanti gare a livello internazionale di kickboxing. Il tutto \u00e8 contornato da uno show ricco di sorprese.\",\"breadcrumb\":{\"@id\":\"http:\/\/pointfightingcup.com\/#breadcrumb\"},\"inLanguage\":\"en-US\",\"potentialAction\":[{\"@type\":\"ReadAction\",\"target\":[\"http:\/\/pointfightingcup.com\/\"]}]},{\"@type\":\"BreadcrumbList\",\"@id\":\"http:\/\/pointfightingcup.com\/#breadcrumb\",\"itemListElement\":[{\"@type\":\"ListItem\",\"position\":1,\"name\":\"Home\",\"item\":\"http:\/\/pointfightingcup.com\/\"},{\"@type\":\"ListItem\",\"position\":2,\"name\":\"Home\"}]},{\"@type\":\"WebSite\",\"@id\":\"http:\/\/pointfightingcup.com\/#website\",\"url\":\"http:\/\/pointfightingcup.com\/\",\"name\":\"Pointfightingcup\",\"description\":\"International kickboxing competition\",\"publisher\":{\"@id\":\"http:\/\/pointfightingcup.com\/#organization\"},\"potentialAction\":[{\"@type\":\"SearchAction\",\"target\":{\"@type\":\"EntryPoint\",\"urlTemplate\":\"http:\/\/pointfightingcup.com\/?s={search_term_string}\"},\"query-input\":{\"@type\":\"PropertyValueSpecification\",\"valueRequired\":true,\"valueName\":\"search_term_string\"}}],\"inLanguage\":\"en-US\"},{\"@type\":\"Organization\",\"@id\":\"http:\/\/pointfightingcup.com\/#organization\",\"name\":\"Point Fighting Cup\",\"url\":\"http:\/\/pointfightingcup.com\/\",\"logo\":{\"@type\":\"ImageObject\",\"inLanguage\":\"en-US\",\"@id\":\"http:\/\/pointfightingcup.com\/#\/schema\/logo\/image\/\",\"url\":\"https:\/\/pointfightingcup.com\/wp-content\/uploads\/2018\/04\/logo.jpg\",\"contentUrl\":\"https:\/\/pointfightingcup.com\/wp-content\/uploads\/2018\/04\/logo.jpg\",\"width\":132,\"height\":100,\"caption\":\"Point Fighting Cup\"},\"image\":{\"@id\":\"http:\/\/pointfightingcup.com\/#\/schema\/logo\/image\/\"},\"sameAs\":[\"https:\/\/www.facebook.com\/pointfightingcup\/\",\"https:\/\/webgram.co\/pointfightingcup\"]}]}<\/script>\n<!-- \/ Yoast SEO plugin. -->","yoast_head_json":{"title":"Home | Pointfightingcup","description":"La Point Fighting Cup \u00e8 una delle pi\u00f9 belle e importanti gare a livello internazionale di kickboxing. Il tutto \u00e8 contornato da uno show ricco di sorprese.","robots":{"index":"index","follow":"follow","max-snippet":"max-snippet:-1","max-image-preview":"max-image-preview:large","max-video-preview":"max-video-preview:-1"},"canonical":"http:\/\/pointfightingcup.com\/","og_locale":"en_US","og_type":"article","og_title":"Home | Pointfightingcup","og_description":"La Point Fighting Cup \u00e8 una delle pi\u00f9 belle e importanti gare a livello internazionale di kickboxing. Il tutto \u00e8 contornato da uno show ricco di sorprese.","og_url":"http:\/\/pointfightingcup.com\/","og_site_name":"Pointfightingcup","article_publisher":"https:\/\/www.facebook.com\/pointfightingcup\/","article_modified_time":"2025-01-20T08:12:59+00:00","twitter_card":"summary_large_image","twitter_misc":{"Est. reading time":"1 minute"},"schema":{"@context":"https:\/\/schema.org","@graph":[{"@type":"WebPage","@id":"http:\/\/pointfightingcup.com\/","url":"http:\/\/pointfightingcup.com\/","name":"Home | Pointfightingcup","isPartOf":{"@id":"http:\/\/pointfightingcup.com\/#website"},"datePublished":"2016-06-28T13:01:35+00:00","dateModified":"2025-01-20T08:12:59+00:00","description":"La Point Fighting Cup \u00e8 una delle pi\u00f9 belle e importanti gare a livello internazionale di kickboxing. Il tutto \u00e8 contornato da uno show ricco di sorprese.","breadcrumb":{"@id":"http:\/\/pointfightingcup.com\/#breadcrumb"},"inLanguage":"en-US","potentialAction":[{"@type":"ReadAction","target":["http:\/\/pointfightingcup.com\/"]}]},{"@type":"BreadcrumbList","@id":"http:\/\/pointfightingcup.com\/#breadcrumb","itemListElement":[{"@type":"ListItem","position":1,"name":"Home","item":"http:\/\/pointfightingcup.com\/"},{"@type":"ListItem","position":2,"name":"Home"}]},{"@type":"WebSite","@id":"http:\/\/pointfightingcup.com\/#website","url":"http:\/\/pointfightingcup.com\/","name":"Pointfightingcup","description":"International kickboxing competition","publisher":{"@id":"http:\/\/pointfightingcup.com\/#organization"},"potentialAction":[{"@type":"SearchAction","target":{"@type":"EntryPoint","urlTemplate":"http:\/\/pointfightingcup.com\/?s={search_term_string}"},"query-input":{"@type":"PropertyValueSpecification","valueRequired":true,"valueName":"search_term_string"}}],"inLanguage":"en-US"},{"@type":"Organization","@id":"http:\/\/pointfightingcup.com\/#organization","name":"Point Fighting Cup","url":"http:\/\/pointfightingcup.com\/","logo":{"@type":"ImageObject","inLanguage":"en-US","@id":"http:\/\/pointfightingcup.com\/#\/schema\/logo\/image\/","url":"https:\/\/pointfightingcup.com\/wp-content\/uploads\/2018\/04\/logo.jpg","contentUrl":"https:\/\/pointfightingcup.com\/wp-content\/uploads\/2018\/04\/logo.jpg","width":132,"height":100,"caption":"Point Fighting Cup"},"image":{"@id":"http:\/\/pointfightingcup.com\/#\/schema\/logo\/image\/"},"sameAs":["https:\/\/www.facebook.com\/pointfightingcup\/","https:\/\/webgram.co\/pointfightingcup"]}]}},"_links":{"self":[{"href":"https:\/\/pointfightingcup.com\/en\/wp-json\/wp\/v2\/pages\/18","targetHints":{"allow":["GET"]}}],"collection":[{"href":"https:\/\/pointfightingcup.com\/en\/wp-json\/wp\/v2\/pages"}],"about":[{"href":"https:\/\/pointfightingcup.com\/en\/wp-json\/wp\/v2\/types\/page"}],"author":[{"embeddable":true,"href":"https:\/\/pointfightingcup.com\/en\/wp-json\/wp\/v2\/users\/1"}],"replies":[{"embeddable":true,"href":"https:\/\/pointfightingcup.com\/en\/wp-json\/wp\/v2\/comments?post=18"}],"version-history":[{"count":57,"href":"https:\/\/pointfightingcup.com\/en\/wp-json\/wp\/v2\/pages\/18\/revisions"}],"predecessor-version":[{"id":5863,"href":"https:\/\/pointfightingcup.com\/en\/wp-json\/wp\/v2\/pages\/18\/revisions\/5863"}],"wp:attachment":[{"href":"https:\/\/pointfightingcup.com\/en\/wp-json\/wp\/v2\/media?parent=18"}],"curies":[{"name":"wp","href":"https:\/\/api.w.org\/{rel}","templated":true}]}}